{"id":3,"date":"2023-01-31T18:48:51","date_gmt":"2023-01-31T17:48:51","guid":{"rendered":"https:\/\/weinszenario.de\/?page_id=3"},"modified":"2023-03-03T08:13:33","modified_gmt":"2023-03-03T07:13:33","slug":"impressum","status":"publish","type":"page","link":"https:\/\/weinszenario.de\/index.php\/start\/impressum\/","title":{"rendered":"Impressum"},"content":{"rendered":"\t\t<div data-elementor-type=\"wp-page\" data-elementor-id=\"3\" class=\"elementor elementor-3\">\n\t\t\t\t\t\t<section class=\"elementor-section elementor-top-section elementor-element elementor-element-4d81242b elementor-section-boxed elementor-section-height-default elementor-section-height-default\" data-id=\"4d81242b\" data-element_type=\"section\" data-e-type=\"section\">\n\t\t\t\t\t\t<div class=\"elementor-container elementor-column-gap-default\">\n\t\t\t\t\t<div class=\"elementor-column elementor-col-100 elementor-top-column elementor-element elementor-element-4cabb5dd\" data-id=\"4cabb5dd\" data-element_type=\"column\" data-e-type=\"column\">\n\t\t\t<div class=\"elementor-widget-wrap elementor-element-populated\">\n\t\t\t\t\t\t<div class=\"elementor-element elementor-element-6959decc elementor-widget elementor-widget-text-editor\" data-id=\"6959decc\" data-element_type=\"widget\" data-e-type=\"widget\" data-widget_type=\"text-editor.default\">\n\t\t\t\t<div class=\"elementor-widget-container\">\n\t\t\t\t\t\t\t\t\t<p style=\"margin: 0in 0in 0in 0.375in; font-family: Roboto; font-size: 15pt; text-align: left;\"><span style=\"background-image: initial; background-position: initial; background-size: initial; background-repeat: initial; background-attachment: initial; background-origin: initial; background-clip: initial;\">Impressum<\/span><\/p>\n<p style=\"margin: 0in 0in 0in 0.375in; font-family: Roboto; font-size: 15pt;\"><span style=\"font-weight: bold; background-image: initial; background-position: initial; background-size: initial; background-repeat: initial; background-attachment: initial; background-origin: initial; background-clip: initial;\">&nbsp;<\/span><\/p>\n<p style=\"margin: 0in; font-family: Calibri; font-size: 11.0pt;\"><span style=\"font-weight: bold;\">Herausgeber<\/span><\/p>\n<p style=\"margin: 0in; font-family: Calibri; font-size: 11.0pt;\"><span style=\"font-weight: bold;\">Weinfreunde Lachen-Speyerdorf e.V.<\/span><\/p>\n<p style=\"margin: 0in; font-family: Calibri; font-size: 11.0pt;\">In der Achen 36<\/p>\n<p style=\"margin: 0in; font-family: Calibri; font-size: 11.0pt;\">67435 Neustadt-Lachen-Speyerdorf<\/p>\n<p style=\"margin: 0in; font-family: Calibri; font-size: 11.0pt;\">Telefon: + 49 17678958319<\/p>\n<p style=\"margin: 0in; font-family: Calibri; font-size: 11.0pt;\">E-Mail: info@weinfreunde.de<\/p>\n<p style=\"margin: 0in; font-family: Calibri; font-size: 11.0pt;\">Internet:&nbsp;weinfreunde-lsp.de<\/p>\n<p style=\"margin: 0in; font-family: Calibri; font-size: 11.0pt;\">Die Weinfreunde Lachen-Speyerdorf sind ein eingetragener, gemeinn\u00fctziger Verein und werden durch die Mitglieder des Vorstandes vertreten.<\/p>\n<p style=\"margin: 0in; font-family: Calibri; font-size: 11.0pt;\">Vorstand : Volker Freytag, Alfred Fischer, Nicole Noe und Hubertus Kr\u00f6ner<\/p>\n<p style=\"margin: 0in; font-family: Calibri; font-size: 11.0pt;\">VR 60812 Amtsgericht Ludwigshafen\/Rhein<\/p>\n<p style=\"margin: 0in; font-family: Calibri; font-size: 11.0pt;\"><span style=\"font-weight: bold;\">Haftungshinweis:<\/span><\/p>\n<p style=\"margin: 0in; font-family: Calibri; font-size: 11.0pt;\">Diese Website enth\u00e4lt Verkn\u00fcpfungen zu Websites Dritter (&#8222;externe Links&#8220;). Diese&nbsp;unterliegen der Haftung der jeweiligen Betreiber, die allein verantwortlich sind f\u00fcr deren Inhalte. Bei Kenntnis von Rechtsverst\u00f6\u00dfen &#8211;&nbsp;auf Grund&nbsp;entsprechender Hinweise&nbsp;&#8211;&nbsp;werden jedoch derartige externe Links unverz\u00fcglich gel\u00f6scht.<\/p>\n<p style=\"margin: 0in; font-family: Calibri; font-size: 11.0pt;\">Der Autor \u00fcbernimmt keinerlei Gew\u00e4hr f\u00fcr die Aktualit\u00e4t, Korrektheit, Vollst\u00e4ndigkeit oder Qualit\u00e4t der bereitgestellten Informationen. Haftungsanspr\u00fcche gegen den Autor, die sich auf Sch\u00e4den materieller oder ideeller Art beziehen, die durch die Nutzung oder Nichtnutzung der dargebotenen Informationen bzw. durch die Nutzung fehlerhafter und unvollst\u00e4ndiger Informationen verursacht wurden, sind grunds\u00e4tzlich ausgeschlossen, sofern seitens des Autors kein nachweislich vors\u00e4tzliches oder grob fahrl\u00e4ssiges Verschulden vorliegt. Alle Angebote sind freibleibend und unverbindlich. Der Autor beh\u00e4lt es sich ausdr\u00fccklich vor, Teile der Seiten oder das gesamte Angebot ohne gesonderte Ank\u00fcndigung zu ver\u00e4ndern, zu erg\u00e4nzen, zu l\u00f6schen oder die Ver\u00f6ffentlichung zeitweise oder endg\u00fcltig einzustellen.<\/p>\n<p style=\"margin: 0in; font-family: Calibri; font-size: 11.0pt;\"><span style=\"font-weight: bold;\">Urheber- und Kennzeichenrecht<\/span><\/p>\n<p style=\"margin: 0in; font-family: Calibri; font-size: 11.0pt;\">Der Autor ist bestrebt, in allen Publikationen die Urheberrechte der verwendeten Grafiken, Tondokumente, Videosequenzen und Texte zu beachten, von ihm selbst erstellte Grafiken, Tondokumente, Videosequenzen und Texte zu nutzen oder auf lizenzfreie Grafiken, Tondokumente, Videosequenzen und Texte zur\u00fcckzugreifen. Alle innerhalb des Internetangebotes genannten und ggf. durch Dritte gesch\u00fctzten Marken- und Warenzeichen unterliegen uneingeschr\u00e4nkt den Bestimmungen des jeweils g\u00fcltigen Kennzeichenrechts und den Besitzrechten der jeweiligen eingetragenen Eigent\u00fcmer. Allein aufgrund der blo\u00dfen Nennung ist nicht der Schluss zu ziehen, dass Markenzeichen nicht durch Rechte Dritter gesch\u00fctzt sind! Das Copyright f\u00fcr ver\u00f6ffentlichte, vom Autor selbst erstellte Objekte bleibt allein beim Autor der Seiten. Eine Vervielf\u00e4ltigung oder Verwendung solcher Grafiken, Tondokumente, Videosequenzen und Texte in anderen elektronischen oder gedruckten Publikationen ist ohne ausdr\u00fcckliche Zustimmung des Autors nicht gestattet.<\/p>\n<p style=\"margin: 0in; font-family: Calibri; font-size: 11.0pt;\">Diese Webseiten sind urheberrechtlich gesch\u00fctzt. Jede Verwertung au\u00dferhalb der engen Grenzen des Urheberrechtsgesetzes ist ohne die schriftliche Zustimmung des Publishers unzul\u00e4ssig und strafbar. Das gilt insbesondere f\u00fcr Vervielf\u00e4ltigungen, \u00dcbersetzungen, Mikroverfilmungen und die Einspeicherung und Verarbeitung in elektronischen Systemen.<\/p>\t\t\t\t\t\t\t\t<\/div>\n\t\t\t\t<\/div>\n\t\t\t\t\t<\/div>\n\t\t<\/div>\n\t\t\t\t\t<\/div>\n\t\t<\/section>\n\t\t\t\t<section class=\"elementor-section elementor-top-section elementor-element elementor-element-72e7f4f elementor-section-boxed elementor-section-height-default elementor-section-height-default\" data-id=\"72e7f4f\" data-element_type=\"section\" data-e-type=\"section\">\n\t\t\t\t\t\t<div class=\"elementor-container elementor-column-gap-default\">\n\t\t\t\t\t<div class=\"elementor-column elementor-col-100 elementor-top-column elementor-element elementor-element-c441c6a\" data-id=\"c441c6a\" data-element_type=\"column\" data-e-type=\"column\">\n\t\t\t<div class=\"elementor-widget-wrap elementor-element-populated\">\n\t\t\t\t\t\t<div class=\"elementor-element elementor-element-182ef3d elementor-widget elementor-widget-text-editor\" data-id=\"182ef3d\" data-element_type=\"widget\" data-e-type=\"widget\" data-widget_type=\"text-editor.default\">\n\t\t\t\t<div class=\"elementor-widget-container\">\n\t\t\t\t\t\t\t\t\t<p><strong>Bildquellen:<\/strong><\/p><p><a href=\"https:\/\/unsplash.com\/de\" target=\"_blank\" rel=\"noopener\">Unsplash<\/a>; privat<\/p>\t\t\t\t\t\t\t\t<\/div>\n\t\t\t\t<\/div>\n\t\t\t\t\t<\/div>\n\t\t<\/div>\n\t\t\t\t\t<\/div>\n\t\t<\/section>\n\t\t\t\t<\/div>\n\t\t","protected":false},"excerpt":{"rendered":"<p>Impressum &nbsp; Herausgeber Weinfreunde Lachen-Speyerdorf e.V. In der Achen 36 67435 Neustadt-Lachen-Speyerdorf Telefon: + 49 17678958319 E-Mail: info@weinfreunde.de Internet:&nbsp;weinfreunde-lsp.de Die Weinfreunde Lachen-Speyerdorf sind ein eingetragener, gemeinn\u00fctziger Verein und werden durch die Mitglieder des Vorstandes vertreten. Vorstand : Volker Freytag, Alfred Fischer, Nicole Noe und Hubertus Kr\u00f6ner VR 60812 Amtsgericht Ludwigshafen\/Rhein Haftungshinweis: Diese Website enth\u00e4lt Verkn\u00fcpfungen&hellip; <a class=\"more-link\" href=\"https:\/\/weinszenario.de\/index.php\/start\/impressum\/\"><span class=\"screen-reader-text\">Impressum<\/span> weiterlesen<\/a><\/p>\n","protected":false},"author":1,"featured_media":0,"parent":33,"menu_order":0,"comment_status":"closed","ping_status":"closed","template":"","meta":{"footnotes":""},"class_list":["post-3","page","type-page","status-publish","hentry","entry"],"yoast_head":"<!-- This site is optimized with the Yoast SEO plugin v27.3 - https:\/\/yoast.com\/product\/yoast-seo-wordpress\/ -->\n<title>Impressum - WeinSzenario<\/title>\n<meta name=\"robots\" content=\"index, follow, max-snippet:-1, max-image-preview:large, max-video-preview:-1\" \/>\n<link rel=\"canonical\" href=\"https:\/\/weinszenario.de\/index.php\/start\/impressum\/\" \/>\n<meta property=\"og:locale\" content=\"de_DE\" \/>\n<meta property=\"og:type\" content=\"article\" \/>\n<meta property=\"og:title\" content=\"Impressum - WeinSzenario\" \/>\n<meta property=\"og:description\" content=\"Impressum &nbsp; Herausgeber Weinfreunde Lachen-Speyerdorf e.V. In der Achen 36 67435 Neustadt-Lachen-Speyerdorf Telefon: + 49 17678958319 E-Mail: info@weinfreunde.de Internet:&nbsp;weinfreunde-lsp.de Die Weinfreunde Lachen-Speyerdorf sind ein eingetragener, gemeinn\u00fctziger Verein und werden durch die Mitglieder des Vorstandes vertreten. Vorstand : Volker Freytag, Alfred Fischer, Nicole Noe und Hubertus Kr\u00f6ner VR 60812 Amtsgericht Ludwigshafen\/Rhein Haftungshinweis: Diese Website enth\u00e4lt Verkn\u00fcpfungen&hellip; Impressum weiterlesen\" \/>\n<meta property=\"og:url\" content=\"https:\/\/weinszenario.de\/index.php\/start\/impressum\/\" \/>\n<meta property=\"og:site_name\" content=\"WeinSzenario\" \/>\n<meta property=\"article:modified_time\" content=\"2023-03-03T07:13:33+00:00\" \/>\n<meta name=\"twitter:card\" content=\"summary_large_image\" \/>\n<meta name=\"twitter:label1\" content=\"Gesch\u00e4tzte Lesezeit\" \/>\n\t<meta name=\"twitter:data1\" content=\"2\u00a0Minuten\" \/>\n<script type=\"application\/ld+json\" class=\"yoast-schema-graph\">{\"@context\":\"https:\\\/\\\/schema.org\",\"@graph\":[{\"@type\":\"WebPage\",\"@id\":\"https:\\\/\\\/weinszenario.de\\\/index.php\\\/start\\\/impressum\\\/\",\"url\":\"https:\\\/\\\/weinszenario.de\\\/index.php\\\/start\\\/impressum\\\/\",\"name\":\"Impressum - WeinSzenario\",\"isPartOf\":{\"@id\":\"https:\\\/\\\/weinszenario.de\\\/#website\"},\"datePublished\":\"2023-01-31T17:48:51+00:00\",\"dateModified\":\"2023-03-03T07:13:33+00:00\",\"breadcrumb\":{\"@id\":\"https:\\\/\\\/weinszenario.de\\\/index.php\\\/start\\\/impressum\\\/#breadcrumb\"},\"inLanguage\":\"de\",\"potentialAction\":[{\"@type\":\"ReadAction\",\"target\":[\"https:\\\/\\\/weinszenario.de\\\/index.php\\\/start\\\/impressum\\\/\"]}]},{\"@type\":\"BreadcrumbList\",\"@id\":\"https:\\\/\\\/weinszenario.de\\\/index.php\\\/start\\\/impressum\\\/#breadcrumb\",\"itemListElement\":[{\"@type\":\"ListItem\",\"position\":1,\"name\":\"Startseite\",\"item\":\"https:\\\/\\\/weinszenario.de\\\/\"},{\"@type\":\"ListItem\",\"position\":2,\"name\":\"Start\",\"item\":\"https:\\\/\\\/weinszenario.de\\\/\"},{\"@type\":\"ListItem\",\"position\":3,\"name\":\"Impressum\"}]},{\"@type\":\"WebSite\",\"@id\":\"https:\\\/\\\/weinszenario.de\\\/#website\",\"url\":\"https:\\\/\\\/weinszenario.de\\\/\",\"name\":\"WeinSzenario\",\"description\":\"Wein. Genuss! Erleben!\",\"publisher\":{\"@id\":\"https:\\\/\\\/weinszenario.de\\\/#organization\"},\"potentialAction\":[{\"@type\":\"SearchAction\",\"target\":{\"@type\":\"EntryPoint\",\"urlTemplate\":\"https:\\\/\\\/weinszenario.de\\\/?s={search_term_string}\"},\"query-input\":{\"@type\":\"PropertyValueSpecification\",\"valueRequired\":true,\"valueName\":\"search_term_string\"}}],\"inLanguage\":\"de\"},{\"@type\":\"Organization\",\"@id\":\"https:\\\/\\\/weinszenario.de\\\/#organization\",\"name\":\"WeinSzenario\",\"url\":\"https:\\\/\\\/weinszenario.de\\\/\",\"logo\":{\"@type\":\"ImageObject\",\"inLanguage\":\"de\",\"@id\":\"https:\\\/\\\/weinszenario.de\\\/#\\\/schema\\\/logo\\\/image\\\/\",\"url\":\"https:\\\/\\\/weinszenario.de\\\/wp-content\\\/uploads\\\/2023\\\/03\\\/WSZ_Logo_2023_HK_DALL\u00b7E2023-03-03_084200_1200_1200px.jpg\",\"contentUrl\":\"https:\\\/\\\/weinszenario.de\\\/wp-content\\\/uploads\\\/2023\\\/03\\\/WSZ_Logo_2023_HK_DALL\u00b7E2023-03-03_084200_1200_1200px.jpg\",\"width\":1200,\"height\":1200,\"caption\":\"WeinSzenario\"},\"image\":{\"@id\":\"https:\\\/\\\/weinszenario.de\\\/#\\\/schema\\\/logo\\\/image\\\/\"}}]}<\/script>\n<!-- \/ Yoast SEO plugin. -->","yoast_head_json":{"title":"Impressum - WeinSzenario","robots":{"index":"index","follow":"follow","max-snippet":"max-snippet:-1","max-image-preview":"max-image-preview:large","max-video-preview":"max-video-preview:-1"},"canonical":"https:\/\/weinszenario.de\/index.php\/start\/impressum\/","og_locale":"de_DE","og_type":"article","og_title":"Impressum - WeinSzenario","og_description":"Impressum &nbsp; Herausgeber Weinfreunde Lachen-Speyerdorf e.V. In der Achen 36 67435 Neustadt-Lachen-Speyerdorf Telefon: + 49 17678958319 E-Mail: info@weinfreunde.de Internet:&nbsp;weinfreunde-lsp.de Die Weinfreunde Lachen-Speyerdorf sind ein eingetragener, gemeinn\u00fctziger Verein und werden durch die Mitglieder des Vorstandes vertreten. Vorstand : Volker Freytag, Alfred Fischer, Nicole Noe und Hubertus Kr\u00f6ner VR 60812 Amtsgericht Ludwigshafen\/Rhein Haftungshinweis: Diese Website enth\u00e4lt Verkn\u00fcpfungen&hellip; Impressum weiterlesen","og_url":"https:\/\/weinszenario.de\/index.php\/start\/impressum\/","og_site_name":"WeinSzenario","article_modified_time":"2023-03-03T07:13:33+00:00","twitter_card":"summary_large_image","twitter_misc":{"Gesch\u00e4tzte Lesezeit":"2\u00a0Minuten"},"schema":{"@context":"https:\/\/schema.org","@graph":[{"@type":"WebPage","@id":"https:\/\/weinszenario.de\/index.php\/start\/impressum\/","url":"https:\/\/weinszenario.de\/index.php\/start\/impressum\/","name":"Impressum - WeinSzenario","isPartOf":{"@id":"https:\/\/weinszenario.de\/#website"},"datePublished":"2023-01-31T17:48:51+00:00","dateModified":"2023-03-03T07:13:33+00:00","breadcrumb":{"@id":"https:\/\/weinszenario.de\/index.php\/start\/impressum\/#breadcrumb"},"inLanguage":"de","potentialAction":[{"@type":"ReadAction","target":["https:\/\/weinszenario.de\/index.php\/start\/impressum\/"]}]},{"@type":"BreadcrumbList","@id":"https:\/\/weinszenario.de\/index.php\/start\/impressum\/#breadcrumb","itemListElement":[{"@type":"ListItem","position":1,"name":"Startseite","item":"https:\/\/weinszenario.de\/"},{"@type":"ListItem","position":2,"name":"Start","item":"https:\/\/weinszenario.de\/"},{"@type":"ListItem","position":3,"name":"Impressum"}]},{"@type":"WebSite","@id":"https:\/\/weinszenario.de\/#website","url":"https:\/\/weinszenario.de\/","name":"WeinSzenario","description":"Wein. Genuss! Erleben!","publisher":{"@id":"https:\/\/weinszenario.de\/#organization"},"potentialAction":[{"@type":"SearchAction","target":{"@type":"EntryPoint","urlTemplate":"https:\/\/weinszenario.de\/?s={search_term_string}"},"query-input":{"@type":"PropertyValueSpecification","valueRequired":true,"valueName":"search_term_string"}}],"inLanguage":"de"},{"@type":"Organization","@id":"https:\/\/weinszenario.de\/#organization","name":"WeinSzenario","url":"https:\/\/weinszenario.de\/","logo":{"@type":"ImageObject","inLanguage":"de","@id":"https:\/\/weinszenario.de\/#\/schema\/logo\/image\/","url":"https:\/\/weinszenario.de\/wp-content\/uploads\/2023\/03\/WSZ_Logo_2023_HK_DALL\u00b7E2023-03-03_084200_1200_1200px.jpg","contentUrl":"https:\/\/weinszenario.de\/wp-content\/uploads\/2023\/03\/WSZ_Logo_2023_HK_DALL\u00b7E2023-03-03_084200_1200_1200px.jpg","width":1200,"height":1200,"caption":"WeinSzenario"},"image":{"@id":"https:\/\/weinszenario.de\/#\/schema\/logo\/image\/"}}]}},"_links":{"self":[{"href":"https:\/\/weinszenario.de\/index.php\/wp-json\/wp\/v2\/pages\/3","targetHints":{"allow":["GET"]}}],"collection":[{"href":"https:\/\/weinszenario.de\/index.php\/wp-json\/wp\/v2\/pages"}],"about":[{"href":"https:\/\/weinszenario.de\/index.php\/wp-json\/wp\/v2\/types\/page"}],"author":[{"embeddable":true,"href":"https:\/\/weinszenario.de\/index.php\/wp-json\/wp\/v2\/users\/1"}],"replies":[{"embeddable":true,"href":"https:\/\/weinszenario.de\/index.php\/wp-json\/wp\/v2\/comments?post=3"}],"version-history":[{"count":20,"href":"https:\/\/weinszenario.de\/index.php\/wp-json\/wp\/v2\/pages\/3\/revisions"}],"predecessor-version":[{"id":312,"href":"https:\/\/weinszenario.de\/index.php\/wp-json\/wp\/v2\/pages\/3\/revisions\/312"}],"up":[{"embeddable":true,"href":"https:\/\/weinszenario.de\/index.php\/wp-json\/wp\/v2\/pages\/33"}],"wp:attachment":[{"href":"https:\/\/weinszenario.de\/index.php\/wp-json\/wp\/v2\/media?parent=3"}],"curies":[{"name":"wp","href":"https:\/\/api.w.org\/{rel}","templated":true}]}}